{"id":141,"date":"2009-10-15T17:45:34","date_gmt":"2009-10-15T20:45:34","guid":{"rendered":"http:\/\/www.brincher.com.br\/blog\/?page_id=2"},"modified":"2021-12-13T12:27:21","modified_gmt":"2021-12-13T15:27:21","slug":"sobre","status":"publish","type":"page","link":"https:\/\/www.brincher.com.br\/blog\/sobre\/","title":{"rendered":"Sobre o autor"},"content":{"rendered":"\n<ul><li><img data-attachment-id=\"528\" data-permalink=\"https:\/\/www.brincher.com.br\/blog\/sobre\/wechat-image_20171215011109\/\" data-orig-file=\"https:\/\/i0.wp.com\/www.brincher.com.br\/blog\/wp-content\/uploads\/2017\/12\/WeChat-Image_20171215011109.jpg?fit=960%2C1280&amp;ssl=1\" data-orig-size=\"960,1280\" data-comments-opened=\"1\" data-image-meta=\"{&quot;aperture&quot;:&quot;0&quot;,&quot;credit&quot;:&quot;&quot;,&quot;camera&quot;:&quot;&quot;,&quot;caption&quot;:&quot;&quot;,&quot;created_timestamp&quot;:&quot;0&quot;,&quot;copyright&quot;:&quot;&quot;,&quot;focal_length&quot;:&quot;0&quot;,&quot;iso&quot;:&quot;0&quot;,&quot;shutter_speed&quot;:&quot;0&quot;,&quot;title&quot;:&quot;&quot;,&quot;orientation&quot;:&quot;1&quot;}\" data-image-title=\"WeChat Image_20171215011109\" data-image-description=\"\" data-image-caption=\"\" data-medium-file=\"https:\/\/i0.wp.com\/www.brincher.com.br\/blog\/wp-content\/uploads\/2017\/12\/WeChat-Image_20171215011109.jpg?fit=225%2C300&amp;ssl=1\" data-large-file=\"https:\/\/i0.wp.com\/www.brincher.com.br\/blog\/wp-content\/uploads\/2017\/12\/WeChat-Image_20171215011109.jpg?fit=510%2C680&amp;ssl=1\" decoding=\"async\" loading=\"lazy\" width=\"225\" height=\"300\" class=\"alignright wp-image-528 size-medium\" src=\"https:\/\/i0.wp.com\/www.brincher.com.br\/blog\/wp-content\/uploads\/2017\/12\/WeChat-Image_20171215011109.jpg?resize=225%2C300\" alt=\"\" srcset=\"https:\/\/i0.wp.com\/www.brincher.com.br\/blog\/wp-content\/uploads\/2017\/12\/WeChat-Image_20171215011109.jpg?resize=225%2C300&amp;ssl=1 225w, https:\/\/i0.wp.com\/www.brincher.com.br\/blog\/wp-content\/uploads\/2017\/12\/WeChat-Image_20171215011109.jpg?resize=510%2C680&amp;ssl=1 510w, https:\/\/i0.wp.com\/www.brincher.com.br\/blog\/wp-content\/uploads\/2017\/12\/WeChat-Image_20171215011109.jpg?w=960&amp;ssl=1 960w\" sizes=\"(max-width: 225px) 100vw, 225px\" data-recalc-dims=\"1\" \/>Nascido em Esteio-RS e criado em Florian\u00f3polis-SC, morou em Montevideo na adolesc\u00eancia e desde fevereiro de 2021 vive em Band\u0131rma (Turquia), depois de ter residido em Guangzhou e Macau (China), Chiang Mai (Tail\u00e2ndia) e Fethiye (Turquia).<\/li><li>Doutorando em Lingu\u00edstica Aplicada (2018-2022) na <a rel=\"noreferrer noopener\" href=\"http:\/\/www.um.edu.mo\" target=\"_blank\">University of Macau<\/a> (China); Mestre em Teoria da Literatura e Graduado em Letras (L\u00edngua Portuguesa e Literaturas de L\u00edngua Portuguesa) pela <a rel=\"noreferrer noopener\" href=\"http:\/\/ufsc.br\" target=\"_blank\">Universidade Federal de Santa Catarina<\/a>. <\/li><li>Professor universit\u00e1rio de portugu\u00eas como segunda l\u00edngua .<\/li><li>Professor de portugu\u00eas, literatura e produ\u00e7\u00e3o textual em escolas de ensino m\u00e9dio e cursos pr\u00e9-vestibular.<\/li><li>Entusiasta de produ\u00e7\u00e3o musical [<a href=\"http:\/\/soundcloud.com\/brincher\">soundcloud.com\/brincher<\/a>]. \u00c9 <a rel=\"noopener\" href=\"http:\/\/pt.wikipedia.org\/wiki\/Straight_Edge\" target=\"_blank\">straight-edge<\/a>, toca contrabaixo [] e adora videogames.<\/li><\/ul>\n\n\n\n<h2 class=\"wp-block-heading\"><strong>Contato<\/strong>:<\/h2>\n\n\n\n<p>Deixe sua mensagem nos coment\u00e1rios desta p\u00e1gina. Eles n\u00e3o s\u00e3o publicados automaticamente.<\/p>\n","protected":false},"excerpt":{"rendered":"<p>Nascido em Esteio-RS e criado em Florian\u00f3polis-SC, morou em Montevideo na adolesc\u00eancia e desde fevereiro de 2021 vive em Band\u0131rma (Turquia), depois de ter residido em Guangzhou e Macau (China), Chiang Mai (Tail\u00e2ndia) e Fethiye (Turquia). Doutorando em Lingu\u00edstica Aplicada (2018-2022) na University of Macau (China); Mestre em Teoria da Literatura e Graduado em Letras [&hellip;]<\/p>\n","protected":false},"author":1,"featured_media":0,"parent":0,"menu_order":0,"comment_status":"open","ping_status":"closed","template":"","meta":{"jetpack_post_was_ever_published":false},"aioseo_notices":[],"jetpack_shortlink":"https:\/\/wp.me\/P7bdao-2h","jetpack-related-posts":[],"jetpack_likes_enabled":true,"jetpack_sharing_enabled":true,"_links":{"self":[{"href":"https:\/\/www.brincher.com.br\/blog\/wp-json\/wp\/v2\/pages\/141"}],"collection":[{"href":"https:\/\/www.brincher.com.br\/blog\/wp-json\/wp\/v2\/pages"}],"about":[{"href":"https:\/\/www.brincher.com.br\/blog\/wp-json\/wp\/v2\/types\/page"}],"author":[{"embeddable":true,"href":"https:\/\/www.brincher.com.br\/blog\/wp-json\/wp\/v2\/users\/1"}],"replies":[{"embeddable":true,"href":"https:\/\/www.brincher.com.br\/blog\/wp-json\/wp\/v2\/comments?post=141"}],"version-history":[{"count":7,"href":"https:\/\/www.brincher.com.br\/blog\/wp-json\/wp\/v2\/pages\/141\/revisions"}],"predecessor-version":[{"id":719,"href":"https:\/\/www.brincher.com.br\/blog\/wp-json\/wp\/v2\/pages\/141\/revisions\/719"}],"wp:attachment":[{"href":"https:\/\/www.brincher.com.br\/blog\/wp-json\/wp\/v2\/media?parent=141"}],"curies":[{"name":"wp","href":"https:\/\/api.w.org\/{rel}","templated":true}]}}